{"id":4401,"date":"2019-10-09T16:28:39","date_gmt":"2019-10-09T16:28:39","guid":{"rendered":"https:\/\/www.kappey.de\/about-us\/imprint\/"},"modified":"2019-10-09T16:29:57","modified_gmt":"2019-10-09T16:29:57","slug":"imprint","status":"publish","type":"page","link":"https:\/\/www.kappey.de\/en\/about-us\/imprint\/","title":{"rendered":"Imprint"},"content":{"rendered":"\n<style type=\"text\/css\" data-created_by=\"avia_inline_auto\" id=\"style-css-av-ar7rh5-7400c74f0bfb044975f987384895f3c9\">\n.avia-section.av-ar7rh5-7400c74f0bfb044975f987384895f3c9{\nbackground-repeat:repeat;\nbackground-image:url(https:\/\/www.kappey.de\/wp-content\/uploads\/2018\/05\/hintergrund.jpg);\nbackground-position:50% 0%;\nbackground-attachment:fixed;\n}\n<\/style>\n<div id='av_section_1'  class='avia-section av-ar7rh5-7400c74f0bfb044975f987384895f3c9 main_color avia-section-small avia-no-shadow  avia-builder-el-0  el_before_av_section  avia-builder-el-first  avia-bg-style-fixed av-minimum-height av-minimum-height-custom  container_wrap sidebar_right'  data-section-bg-repeat='repeat' data-av_minimum_height_px='20'><div class='container av-section-cont-open' style='height:20px'><main  role=\"main\" itemprop=\"mainContentOfPage\"  class='template-page content  av-content-small alpha units'><div class='post-entry post-entry-type-page post-entry-4401'><div class='entry-content-wrapper clearfix'>\n<section  class='av_textblock_section av-xhpjt-2e4e2d6a57bd421801855e918d2da97c'  itemscope=\"itemscope\" itemtype=\"https:\/\/schema.org\/CreativeWork\" ><div class='avia_textblock'  itemprop=\"text\" ><h3 style=\"text-align: right;\"><span style=\"color: #ffffff;\">All a leather worker needs!<\/span><\/h3>\n<\/div><\/section>\n\n<\/div><\/div><\/main><!-- close content main element --><\/div><\/div>\n<style type=\"text\/css\" data-created_by=\"avia_inline_auto\" id=\"style-css-av-7g2pm1-1274f49d19d079d66f6030c5b357dc7a\">\n.avia-section.av-7g2pm1-1274f49d19d079d66f6030c5b357dc7a{\nbackground-repeat:no-repeat;\nbackground-image:url(https:\/\/www.kappey.de\/wp-content\/uploads\/2015\/11\/ahle.jpg);\nbackground-position:50% 100%;\nbackground-attachment:fixed;\n}\n<\/style>\n<div id='av_section_2'  class='avia-section av-7g2pm1-1274f49d19d079d66f6030c5b357dc7a main_color avia-section-default avia-no-shadow  avia-builder-el-2  el_after_av_section  el_before_av_heading  avia-full-stretch avia-bg-style-fixed container_wrap sidebar_right'  data-section-bg-repeat='stretch'><div class='container av-section-cont-open' ><div class='template-page content  av-content-small alpha units'><div class='post-entry post-entry-type-page post-entry-4401'><div class='entry-content-wrapper clearfix'>\n\n<style type=\"text\/css\" data-created_by=\"avia_inline_auto\" id=\"style-css-av-5hghjt-c2eb52f55f9014f9b4e3f794b90b284b\">\n#top .hr.hr-invisible.av-5hghjt-c2eb52f55f9014f9b4e3f794b90b284b{\nheight:25px;\n}\n<\/style>\n<div  class='hr av-5hghjt-c2eb52f55f9014f9b4e3f794b90b284b hr-invisible  avia-builder-el-3  avia-builder-el-no-sibling '><span class='hr-inner '><span class=\"hr-inner-style\"><\/span><\/span><\/div>\n<\/div><\/div><\/div><!-- close content main div --><\/div><\/div><div id='after_section_2'  class='main_color av_default_container_wrap container_wrap sidebar_right'  ><div class='container av-section-cont-open' ><div class='template-page content  av-content-small alpha units'><div class='post-entry post-entry-type-page post-entry-4401'><div class='entry-content-wrapper clearfix'>\n\n<style type=\"text\/css\" data-created_by=\"avia_inline_auto\" id=\"style-css-av-34o5ah-523fcfcec36406ca30d907695cbcb226\">\n#top .av-special-heading.av-34o5ah-523fcfcec36406ca30d907695cbcb226{\npadding-bottom:10px;\ncolor:#ed9c10;\n}\nbody .av-special-heading.av-34o5ah-523fcfcec36406ca30d907695cbcb226 .av-special-heading-tag .heading-char{\nfont-size:25px;\n}\n.av-special-heading.av-34o5ah-523fcfcec36406ca30d907695cbcb226 .special-heading-inner-border{\nborder-color:#ed9c10;\n}\n.av-special-heading.av-34o5ah-523fcfcec36406ca30d907695cbcb226 .av-subheading{\nfont-size:15px;\n}\n<\/style>\n<div  class='av-special-heading av-34o5ah-523fcfcec36406ca30d907695cbcb226 av-special-heading-h3 custom-color-heading  avia-builder-el-4  el_after_av_section  el_before_av_textblock  avia-builder-el-first '><h3 class='av-special-heading-tag'  itemprop=\"headline\"  >Imprint<\/h3><div class=\"special-heading-border\"><div class=\"special-heading-inner-border\"><\/div><\/div><\/div>\n<section  class='av_textblock_section av-2pxgcp-a13afa4033cfc0736703c305c306e794'  itemscope=\"itemscope\" itemtype=\"https:\/\/schema.org\/CreativeWork\" ><div class='avia_textblock'  itemprop=\"text\" ><p>Herausgeber:<br \/>\nHeiko Kappey Sattlereibedarf + Lederhandel<br \/>\nAchardstra\u00dfe 10<br \/>\n31319 Sehnde<br \/>\nTelefon: +49 (0) 5138 709991<br \/>\nTelefax: +49 (0) 5138 709993<br \/>\nE-Mail: info@kappey.de<br \/>\nInternet: www.kappey.de<\/p>\n<p>Inhaber: Heiko Kappey<br \/>\nUnternehmensform: Einzelkaufmann<br \/>\nUmsatzsteuer-ID-Nr.: DE 115617125<\/p>\n<p>Haftungshinweis:<br \/>\nDer Betreiber dieser Website hat keinerlei Einfluss auf die Inhalte verlinkter Seiten und schlie\u00dft jegliche Haftung bez\u00fcglich fremder Internet-Angebote ausdr\u00fccklich aus. N\u00e4here Einzelheiten hierzu finden Sie unter <a href=\"http:\/\/www.disclaimer.de\/disclaimer.htm?farbe=FFFFFF\/000000\/000000\/000000\" target=\"_blank\" rel=\"noopener noreferrer\">www.disclaimer.de<\/a>.<\/p>\n<\/div><\/section>\n","protected":false},"excerpt":{"rendered":"","protected":false},"author":1,"featured_media":0,"parent":4338,"menu_order":3,"comment_status":"closed","ping_status":"closed","template":"","meta":[],"yoast_head":"<!-- This site is optimized with the Yoast SEO plugin v20.1 - https:\/\/yoast.com\/wordpress\/plugins\/seo\/ -->\n<title>Imprint - KAPPEY.de<\/title>\n<meta name=\"robots\" content=\"index, follow, max-snippet:-1, max-image-preview:large, max-video-preview:-1\" \/>\n<link rel=\"canonical\" href=\"https:\/\/www.kappey.de\/en\/about-us\/imprint\/\" \/>\n<meta property=\"og:locale\" content=\"en_US\" \/>\n<meta property=\"og:type\" content=\"article\" \/>\n<meta property=\"og:title\" content=\"Imprint - KAPPEY.de\" \/>\n<meta property=\"og:url\" content=\"https:\/\/www.kappey.de\/en\/about-us\/imprint\/\" \/>\n<meta property=\"og:site_name\" content=\"KAPPEY.de\" \/>\n<meta property=\"article:modified_time\" content=\"2019-10-09T16:29:57+00:00\" \/>\n<meta name=\"twitter:card\" content=\"summary_large_image\" \/>\n<meta name=\"twitter:label1\" content=\"Est. reading time\" \/>\n\t<meta name=\"twitter:data1\" content=\"2 minutes\" \/>\n<script type=\"application\/ld+json\" class=\"yoast-schema-graph\">{\"@context\":\"https:\/\/schema.org\",\"@graph\":[{\"@type\":\"WebPage\",\"@id\":\"https:\/\/www.kappey.de\/en\/about-us\/imprint\/\",\"url\":\"https:\/\/www.kappey.de\/en\/about-us\/imprint\/\",\"name\":\"Imprint - KAPPEY.de\",\"isPartOf\":{\"@id\":\"https:\/\/www.kappey.de\/#website\"},\"datePublished\":\"2019-10-09T16:28:39+00:00\",\"dateModified\":\"2019-10-09T16:29:57+00:00\",\"breadcrumb\":{\"@id\":\"https:\/\/www.kappey.de\/en\/about-us\/imprint\/#breadcrumb\"},\"inLanguage\":\"en-US\",\"potentialAction\":[{\"@type\":\"ReadAction\",\"target\":[\"https:\/\/www.kappey.de\/en\/about-us\/imprint\/\"]}]},{\"@type\":\"BreadcrumbList\",\"@id\":\"https:\/\/www.kappey.de\/en\/about-us\/imprint\/#breadcrumb\",\"itemListElement\":[{\"@type\":\"ListItem\",\"position\":1,\"name\":\"Startseite\",\"item\":\"https:\/\/www.kappey.de\/en\/\"},{\"@type\":\"ListItem\",\"position\":2,\"name\":\"About us\",\"item\":\"https:\/\/www.kappey.de\/en\/about-us\/\"},{\"@type\":\"ListItem\",\"position\":3,\"name\":\"Imprint\"}]},{\"@type\":\"WebSite\",\"@id\":\"https:\/\/www.kappey.de\/#website\",\"url\":\"https:\/\/www.kappey.de\/\",\"name\":\"KAPPEY.de\",\"description\":\"Sattlereibedarf, Sattlerbedarf, Lederhandel, Lederwerkzeuge, Sehnde, Hannover\",\"potentialAction\":[{\"@type\":\"SearchAction\",\"target\":{\"@type\":\"EntryPoint\",\"urlTemplate\":\"https:\/\/www.kappey.de\/?s={search_term_string}\"},\"query-input\":\"required name=search_term_string\"}],\"inLanguage\":\"en-US\"}]}<\/script>\n<!-- \/ Yoast SEO plugin. -->","yoast_head_json":{"title":"Imprint - KAPPEY.de","robots":{"index":"index","follow":"follow","max-snippet":"max-snippet:-1","max-image-preview":"max-image-preview:large","max-video-preview":"max-video-preview:-1"},"canonical":"https:\/\/www.kappey.de\/en\/about-us\/imprint\/","og_locale":"en_US","og_type":"article","og_title":"Imprint - KAPPEY.de","og_url":"https:\/\/www.kappey.de\/en\/about-us\/imprint\/","og_site_name":"KAPPEY.de","article_modified_time":"2019-10-09T16:29:57+00:00","twitter_card":"summary_large_image","twitter_misc":{"Est. reading time":"2 minutes"},"schema":{"@context":"https:\/\/schema.org","@graph":[{"@type":"WebPage","@id":"https:\/\/www.kappey.de\/en\/about-us\/imprint\/","url":"https:\/\/www.kappey.de\/en\/about-us\/imprint\/","name":"Imprint - KAPPEY.de","isPartOf":{"@id":"https:\/\/www.kappey.de\/#website"},"datePublished":"2019-10-09T16:28:39+00:00","dateModified":"2019-10-09T16:29:57+00:00","breadcrumb":{"@id":"https:\/\/www.kappey.de\/en\/about-us\/imprint\/#breadcrumb"},"inLanguage":"en-US","potentialAction":[{"@type":"ReadAction","target":["https:\/\/www.kappey.de\/en\/about-us\/imprint\/"]}]},{"@type":"BreadcrumbList","@id":"https:\/\/www.kappey.de\/en\/about-us\/imprint\/#breadcrumb","itemListElement":[{"@type":"ListItem","position":1,"name":"Startseite","item":"https:\/\/www.kappey.de\/en\/"},{"@type":"ListItem","position":2,"name":"About us","item":"https:\/\/www.kappey.de\/en\/about-us\/"},{"@type":"ListItem","position":3,"name":"Imprint"}]},{"@type":"WebSite","@id":"https:\/\/www.kappey.de\/#website","url":"https:\/\/www.kappey.de\/","name":"KAPPEY.de","description":"Sattlereibedarf, Sattlerbedarf, Lederhandel, Lederwerkzeuge, Sehnde, Hannover","potentialAction":[{"@type":"SearchAction","target":{"@type":"EntryPoint","urlTemplate":"https:\/\/www.kappey.de\/?s={search_term_string}"},"query-input":"required name=search_term_string"}],"inLanguage":"en-US"}]}},"_links":{"self":[{"href":"https:\/\/www.kappey.de\/en\/wp-json\/wp\/v2\/pages\/4401"}],"collection":[{"href":"https:\/\/www.kappey.de\/en\/wp-json\/wp\/v2\/pages"}],"about":[{"href":"https:\/\/www.kappey.de\/en\/wp-json\/wp\/v2\/types\/page"}],"author":[{"embeddable":true,"href":"https:\/\/www.kappey.de\/en\/wp-json\/wp\/v2\/users\/1"}],"replies":[{"embeddable":true,"href":"https:\/\/www.kappey.de\/en\/wp-json\/wp\/v2\/comments?post=4401"}],"version-history":[{"count":3,"href":"https:\/\/www.kappey.de\/en\/wp-json\/wp\/v2\/pages\/4401\/revisions"}],"predecessor-version":[{"id":4405,"href":"https:\/\/www.kappey.de\/en\/wp-json\/wp\/v2\/pages\/4401\/revisions\/4405"}],"up":[{"embeddable":true,"href":"https:\/\/www.kappey.de\/en\/wp-json\/wp\/v2\/pages\/4338"}],"wp:attachment":[{"href":"https:\/\/www.kappey.de\/en\/wp-json\/wp\/v2\/media?parent=4401"}],"curies":[{"name":"wp","href":"https:\/\/api.w.org\/{rel}","templated":true}]}}